{"id":16,"date":"2023-07-25T17:11:10","date_gmt":"2023-07-25T15:11:10","guid":{"rendered":"https:\/\/www.benjamin-harfst.de\/?page_id=16"},"modified":"2026-01-26T18:39:24","modified_gmt":"2026-01-26T17:39:24","slug":"impressum","status":"publish","type":"page","link":"https:\/\/www.benjamin-harfst.de\/es\/impressum\/","title":{"rendered":"Pie de imprenta"},"content":{"rendered":"<div class=\"fusion-fullwidth fullwidth-box fusion-builder-row-1 fusion-flex-container has-pattern-background has-mask-background nonhundred-percent-fullwidth non-hundred-percent-height-scrolling\" style=\"--awb-border-radius-top-left:0px;--awb-border-radius-top-right:0px;--awb-border-radius-bottom-right:0px;--awb-border-radius-bottom-left:0px;--awb-padding-top:50px;--awb-padding-bottom:50px;--awb-background-color:var(--awb-custom_color_3);--awb-flex-wrap:wrap;\" ><div class=\"fusion-builder-row fusion-row fusion-flex-align-items-flex-start fusion-flex-content-wrap\" style=\"max-width:1456px;margin-left: calc(-4% \/ 2 );margin-right: calc(-4% \/ 2 );\"><div class=\"fusion-layout-column fusion_builder_column fusion-builder-column-0 fusion_builder_column_1_1 1_1 fusion-flex-column\" style=\"--awb-bg-size:cover;--awb-width-large:100%;--awb-margin-top-large:0px;--awb-spacing-right-large:1.92%;--awb-margin-bottom-large:20px;--awb-spacing-left-large:1.92%;--awb-width-medium:100%;--awb-order-medium:0;--awb-spacing-right-medium:1.92%;--awb-spacing-left-medium:1.92%;--awb-width-small:100%;--awb-order-small:0;--awb-spacing-right-small:1.92%;--awb-spacing-left-small:1.92%;\"><div class=\"fusion-column-wrapper fusion-column-has-shadow fusion-flex-justify-content-flex-start fusion-content-layout-column\"><div class=\"fusion-title title fusion-title-1 fusion-sep-none fusion-title-text fusion-title-size-one\" style=\"--awb-margin-top-small:10px;--awb-margin-right-small:0px;--awb-margin-bottom-small:10px;--awb-margin-left-small:0px;\"><h1 class=\"fusion-title-heading title-heading-left fusion-responsive-typography-calculated\" style=\"margin:0;--fontSize:64;line-height:var(--awb-typography1-line-height);\">Pie de imprenta<\/h1><\/div><\/div><\/div><div class=\"fusion-layout-column fusion_builder_column fusion-builder-column-1 fusion_builder_column_1_2 1_2 fusion-flex-column\" style=\"--awb-bg-size:cover;--awb-width-large:50%;--awb-margin-top-large:0px;--awb-spacing-right-large:3.84%;--awb-margin-bottom-large:20px;--awb-spacing-left-large:3.84%;--awb-width-medium:50%;--awb-order-medium:0;--awb-spacing-right-medium:3.84%;--awb-spacing-left-medium:3.84%;--awb-width-small:100%;--awb-order-small:0;--awb-spacing-right-small:1.92%;--awb-spacing-left-small:1.92%;\"><div class=\"fusion-column-wrapper fusion-column-has-shadow fusion-flex-justify-content-flex-start fusion-content-layout-column\"><div class=\"fusion-text fusion-text-1\"><p><strong>Informaci\u00f3n conforme al art\u00edculo 5 de la TMG:<\/strong><\/p>\n<p>Dr. Benjamin Harfst<br \/>c\/o Consulta de Ortopedia Dr. Georg Springmann en el Hospital KAV Ehringshausen (1\u00aa planta), <span style=\"background-color: rgba(0, 0, 0, 0); letter-spacing: 0.27px;\">Stegwiese 27, 35630 Ehringshausen<\/span><\/p>\n<p><strong>Contacto:<\/strong><br \/>correo electr\u00f3nico: <a href=\"mailto:mail@benjamin-harfst.de\">mail@benjamin-harfst.de<\/a><br \/>Web: www.benjamin-harfst.de<\/p>\n<p><strong>Responsable del contenido seg\u00fan \u00a7 55 Abs. 2 RStV:<\/strong><br \/>Dr. Benjamin Harfst<\/p>\n<\/div><\/div><\/div><div class=\"fusion-layout-column fusion_builder_column fusion-builder-column-2 fusion_builder_column_1_2 1_2 fusion-flex-column\" style=\"--awb-bg-size:cover;--awb-width-large:50%;--awb-margin-top-large:0px;--awb-spacing-right-large:3.84%;--awb-margin-bottom-large:20px;--awb-spacing-left-large:3.84%;--awb-width-medium:50%;--awb-order-medium:0;--awb-spacing-right-medium:3.84%;--awb-spacing-left-medium:3.84%;--awb-width-small:100%;--awb-order-small:0;--awb-spacing-right-small:1.92%;--awb-spacing-left-small:1.92%;\"><div class=\"fusion-column-wrapper fusion-column-has-shadow fusion-flex-justify-content-flex-start fusion-content-layout-column\"><div class=\"fusion-text fusion-text-2\"><p><strong>Cargo legal:<br \/>\n<\/strong>Doctor<br \/>\nEspecialista en ortopedia y traumatolog\u00eda<br \/>\nDesignaciones adicionales:<br \/>\n- Quiroterapia<br \/>\n- Diagn\u00f3stico por rayos X<\/p>\n<p><strong>Estado que ha concedido el t\u00edtulo profesional:<br \/>\n<\/strong>Rep\u00fablica Federal de Alemania<\/p>\n<p><strong>Asociaci\u00f3n m\u00e9dica asociada:<\/strong><br \/>\nColegio de M\u00e9dicos de Hesse<br \/>\nHanauer Landstr. 152, 60335 Frankfurt a. M.<\/p>\n<p><strong>Autoridad de control competente:<\/strong><br \/>\nKV Hesse<br \/>\nEuropa-Allee 90, 60486 Frankfurt a. M.<\/p>\n<p><strong>Asociaci\u00f3n Responsable de M\u00e9dicos del Seguro de Enfermedad Obligatorio:<\/strong><br \/>\nKV Hessen, Europa-Allee 90, 60486 Frankfurt a. M.<\/p>\n<p><strong>Reglamentos profesionales:<\/strong><br \/>\nC\u00f3digo deontol\u00f3gico del Colegio de M\u00e9dicos de Hesse<\/p>\n<\/div><div ><a class=\"fusion-button button-flat fusion-button-default-size button-default fusion-button-default button-1 fusion-button-default-span fusion-button-default-type\" target=\"_blank\" rel=\"noopener noreferrer\" href=\"https:\/\/www.laekh.de\/fileadmin\/user_upload\/Aerzte\/Rund_ums_Recht\/Rechtsquellen\/Berufsordnung.pdf\"><i class=\"fa-external-link-alt fas awb-button__icon awb-button__icon--default button-icon-left\" aria-hidden=\"true\"><\/i><span class=\"fusion-button-text awb-button__text awb-button__text--default\">C\u00f3digo de conducta profesional<\/span><\/a><\/div><\/div><\/div><\/div><\/div>","protected":false},"excerpt":{"rendered":"","protected":false},"author":1,"featured_media":0,"parent":0,"menu_order":0,"comment_status":"closed","ping_status":"closed","template":"100-width.php","meta":{"footnotes":""},"class_list":["post-16","page","type-page","status-publish","hentry"],"yoast_head":"<!-- This site is optimized with the Yoast SEO plugin v27.1.1 - https:\/\/yoast.com\/product\/yoast-seo-wordpress\/ -->\n<title>Impressum - Dr. med.\u00a0Benjamin Harfst<\/title>\n<meta name=\"robots\" content=\"noindex, follow\" \/>\n<meta property=\"og:locale\" content=\"es_ES\" \/>\n<meta property=\"og:type\" content=\"article\" \/>\n<meta property=\"og:title\" content=\"Impressum - Dr. med.\u00a0Benjamin Harfst\" \/>\n<meta property=\"og:url\" content=\"https:\/\/www.benjamin-harfst.de\/es\/impressum\/\" \/>\n<meta property=\"og:site_name\" content=\"Dr. med.\u00a0Benjamin Harfst\" \/>\n<meta property=\"article:modified_time\" content=\"2026-01-26T17:39:24+00:00\" \/>\n<meta property=\"og:image\" content=\"https:\/\/www.benjamin-harfst.de\/wp-content\/uploads\/2023\/07\/Dr.Benjamin.Harfst.png\" \/>\n\t<meta property=\"og:image:width\" content=\"599\" \/>\n\t<meta property=\"og:image:height\" content=\"296\" \/>\n\t<meta property=\"og:image:type\" content=\"image\/png\" \/>\n<meta name=\"twitter:card\" content=\"summary_large_image\" \/>\n<script type=\"application\/ld+json\" class=\"yoast-schema-graph\">{\"@context\":\"https:\/\/schema.org\",\"@graph\":[{\"@type\":\"WebPage\",\"@id\":\"https:\/\/www.benjamin-harfst.de\/impressum\/\",\"url\":\"https:\/\/www.benjamin-harfst.de\/impressum\/\",\"name\":\"Impressum - Dr. med.\u00a0Benjamin Harfst\",\"isPartOf\":{\"@id\":\"https:\/\/www.benjamin-harfst.de\/#website\"},\"datePublished\":\"2023-07-25T15:11:10+00:00\",\"dateModified\":\"2026-01-26T17:39:24+00:00\",\"breadcrumb\":{\"@id\":\"https:\/\/www.benjamin-harfst.de\/impressum\/#breadcrumb\"},\"inLanguage\":\"es\",\"potentialAction\":[{\"@type\":\"ReadAction\",\"target\":[\"https:\/\/www.benjamin-harfst.de\/impressum\/\"]}]},{\"@type\":\"BreadcrumbList\",\"@id\":\"https:\/\/www.benjamin-harfst.de\/impressum\/#breadcrumb\",\"itemListElement\":[{\"@type\":\"ListItem\",\"position\":1,\"name\":\"Startseite\",\"item\":\"https:\/\/www.benjamin-harfst.de\/\"},{\"@type\":\"ListItem\",\"position\":2,\"name\":\"Impressum\"}]},{\"@type\":\"WebSite\",\"@id\":\"https:\/\/www.benjamin-harfst.de\/#website\",\"url\":\"https:\/\/www.benjamin-harfst.de\/\",\"name\":\"Dr. med.\u00a0Benjamin Harfst\",\"description\":\"Orthop\u00e4de \u2013 zertifizierter Kniechirurg \u2013 Unfallchirurg  ||  WETZLAR\",\"potentialAction\":[{\"@type\":\"SearchAction\",\"target\":{\"@type\":\"EntryPoint\",\"urlTemplate\":\"https:\/\/www.benjamin-harfst.de\/?s={search_term_string}\"},\"query-input\":{\"@type\":\"PropertyValueSpecification\",\"valueRequired\":true,\"valueName\":\"search_term_string\"}}],\"inLanguage\":\"es\"}]}<\/script>\n<!-- \/ Yoast SEO plugin. -->","yoast_head_json":{"title":"Impressum - Dr. med.\u00a0Benjamin Harfst","robots":{"index":"noindex","follow":"follow"},"og_locale":"es_ES","og_type":"article","og_title":"Impressum - Dr. med.\u00a0Benjamin Harfst","og_url":"https:\/\/www.benjamin-harfst.de\/es\/impressum\/","og_site_name":"Dr. med.\u00a0Benjamin Harfst","article_modified_time":"2026-01-26T17:39:24+00:00","og_image":[{"width":599,"height":296,"url":"https:\/\/www.benjamin-harfst.de\/wp-content\/uploads\/2023\/07\/Dr.Benjamin.Harfst.png","type":"image\/png"}],"twitter_card":"summary_large_image","schema":{"@context":"https:\/\/schema.org","@graph":[{"@type":"WebPage","@id":"https:\/\/www.benjamin-harfst.de\/impressum\/","url":"https:\/\/www.benjamin-harfst.de\/impressum\/","name":"Impressum - Dr. med.\u00a0Benjamin Harfst","isPartOf":{"@id":"https:\/\/www.benjamin-harfst.de\/#website"},"datePublished":"2023-07-25T15:11:10+00:00","dateModified":"2026-01-26T17:39:24+00:00","breadcrumb":{"@id":"https:\/\/www.benjamin-harfst.de\/impressum\/#breadcrumb"},"inLanguage":"es","potentialAction":[{"@type":"ReadAction","target":["https:\/\/www.benjamin-harfst.de\/impressum\/"]}]},{"@type":"BreadcrumbList","@id":"https:\/\/www.benjamin-harfst.de\/impressum\/#breadcrumb","itemListElement":[{"@type":"ListItem","position":1,"name":"Startseite","item":"https:\/\/www.benjamin-harfst.de\/"},{"@type":"ListItem","position":2,"name":"Impressum"}]},{"@type":"WebSite","@id":"https:\/\/www.benjamin-harfst.de\/#website","url":"https:\/\/www.benjamin-harfst.de\/","name":"Dr. Benjamin Harfst","description":"Orthop\u00e4de \u2013 zertifizierter Kniechirurg \u2013 Unfallchirurg  ||  WETZLAR","potentialAction":[{"@type":"SearchAction","target":{"@type":"EntryPoint","urlTemplate":"https:\/\/www.benjamin-harfst.de\/?s={search_term_string}"},"query-input":{"@type":"PropertyValueSpecification","valueRequired":true,"valueName":"search_term_string"}}],"inLanguage":"es"}]}},"_links":{"self":[{"href":"https:\/\/www.benjamin-harfst.de\/es\/wp-json\/wp\/v2\/pages\/16","targetHints":{"allow":["GET"]}}],"collection":[{"href":"https:\/\/www.benjamin-harfst.de\/es\/wp-json\/wp\/v2\/pages"}],"about":[{"href":"https:\/\/www.benjamin-harfst.de\/es\/wp-json\/wp\/v2\/types\/page"}],"author":[{"embeddable":true,"href":"https:\/\/www.benjamin-harfst.de\/es\/wp-json\/wp\/v2\/users\/1"}],"replies":[{"embeddable":true,"href":"https:\/\/www.benjamin-harfst.de\/es\/wp-json\/wp\/v2\/comments?post=16"}],"version-history":[{"count":12,"href":"https:\/\/www.benjamin-harfst.de\/es\/wp-json\/wp\/v2\/pages\/16\/revisions"}],"predecessor-version":[{"id":468,"href":"https:\/\/www.benjamin-harfst.de\/es\/wp-json\/wp\/v2\/pages\/16\/revisions\/468"}],"wp:attachment":[{"href":"https:\/\/www.benjamin-harfst.de\/es\/wp-json\/wp\/v2\/media?parent=16"}],"curies":[{"name":"wp","href":"https:\/\/api.w.org\/{rel}","templated":true}]}}